{"id":204,"date":"2025-02-10T17:50:19","date_gmt":"2025-02-10T17:50:19","guid":{"rendered":"https:\/\/fideshealthinternational.com\/?page_id=204"},"modified":"2026-02-25T10:18:21","modified_gmt":"2026-02-25T10:18:21","slug":"ulke-temsilciliklerimiz","status":"publish","type":"page","link":"https:\/\/fideshealthinternational.com\/ru\/ulke-temsilciliklerimiz\/","title":{"rendered":"\u041f\u0440\u0435\u0434\u0441\u0442\u0430\u0432\u0438\u0442\u0435\u043b\u044c\u0441\u0442\u0432\u0430 \u0432 \u0441\u0442\u0440\u0430\u043d\u0435"},"content":{"rendered":"<div data-elementor-type=\"wp-page\" data-elementor-id=\"204\" class=\"elementor elementor-204\">\n\t\t\t\t<div class=\"elementor-element elementor-element-b72436e e-flex e-con-boxed e-con e-parent\" data-id=\"b72436e\" data-element_type=\"container\" data-e-type=\"container\">\n\t\t\t\t\t<div class=\"e-con-inner\">\n\t\t\t\t<div class=\"elementor-element elementor-element-bfd58b5 elementor-widget elementor-widget-heading\" data-id=\"bfd58b5\" data-element_type=\"widget\" data-e-type=\"widget\" data-widget_type=\"heading.default\">\n\t\t\t\t<div class=\"elementor-widget-container\">\n\t\t\t\t\t<h2 class=\"elementor-heading-title elementor-size-default\">\u041f\u0440\u0435\u0434\u0441\u0442\u0430\u0432\u0438\u0442\u0435\u043b\u044c\u0441\u0442\u0432\u0430 \u0432 \u0441\u0442\u0440\u0430\u043d\u0435<\/h2>\t\t\t\t<\/div>\n\t\t\t\t<\/div>\n\t\t\t\t\t<\/div>\n\t\t\t\t<\/div>\n\t\t<div class=\"elementor-element elementor-element-5510756 e-flex e-con-boxed e-con e-parent\" data-id=\"5510756\" data-element_type=\"container\" data-e-type=\"container\">\n\t\t\t\t\t<div class=\"e-con-inner\">\n\t\t\t\t<div class=\"elementor-element elementor-element-fd2b7ff elementor-widget elementor-widget-text-editor\" data-id=\"fd2b7ff\" data-element_type=\"widget\" data-e-type=\"widget\" data-widget_type=\"text-editor.default\">\n\t\t\t\t<div class=\"elementor-widget-container\">\n\t\t\t\t\t\t\t\t\t<ul><li>\u0410\u0417\u0415\u0420\u0411\u0410\u0419\u0414\u0416\u0410\u041d<\/li><li>\u0411\u041e\u041b\u0413\u0410\u0420\u0418\u042f<\/li><li>KAZAK\u0130STAN<\/li><li>\u041a\u042b\u0420\u0413\u042b\u0417\u0421\u0422\u0410\u041d<\/li><li>\u041a\u0423\u0412\u0415\u0419\u0422<\/li><li>MACEDONIA<\/li><li>\u0423\u0417\u0411\u0415\u041a\u0418\u0421\u0422\u0410\u041d<\/li><li>\u0420\u0423\u041c\u042b\u041d\u0418\u042f<\/li><li>\u0420\u041e\u0421\u0421\u0418\u042f<\/li><li>ORTADO\u011eU B\u00d6LGE TEMS\u0130LC\u0130L\u0130\u011e\u0130\u00a0<\/li><\/ul>\t\t\t\t\t\t\t\t<\/div>\n\t\t\t\t<\/div>\n\t\t\t\t\t<\/div>\n\t\t\t\t<\/div>\n\t\t\t\t<\/div>","protected":false},"excerpt":{"rendered":"<p>\u00dclke Temsilciliklerimiz AZERBAYCAN BULGAR\u0130STAN KAZAK\u0130STAN KIRGIZ\u0130STAN KUVEYT MAKEDONYA \u00d6ZBEK\u0130STAN ROMANYA RUSYA ORTADO\u011eU B\u00d6LGE TEMS\u0130LC\u0130L\u0130\u011e\u0130\u00a0<\/p>","protected":false},"author":1,"featured_media":0,"parent":0,"menu_order":0,"comment_status":"closed","ping_status":"closed","template":"","meta":{"_kad_post_transparent":"default","_kad_post_title":"hide","_kad_post_layout":"fullwidth","_kad_post_sidebar_id":"","_kad_post_content_style":"unboxed","_kad_post_vertical_padding":"hide","_kad_post_feature":"hide","_kad_post_feature_position":"","_kad_post_header":false,"_kad_post_footer":false,"_kad_post_classname":"","footnotes":""},"class_list":["post-204","page","type-page","status-publish","hentry"],"_links":{"self":[{"href":"https:\/\/fideshealthinternational.com\/ru\/wp-json\/wp\/v2\/pages\/204","targetHints":{"allow":["GET"]}}],"collection":[{"href":"https:\/\/fideshealthinternational.com\/ru\/wp-json\/wp\/v2\/pages"}],"about":[{"href":"https:\/\/fideshealthinternational.com\/ru\/wp-json\/wp\/v2\/types\/page"}],"author":[{"embeddable":true,"href":"https:\/\/fideshealthinternational.com\/ru\/wp-json\/wp\/v2\/users\/1"}],"replies":[{"embeddable":true,"href":"https:\/\/fideshealthinternational.com\/ru\/wp-json\/wp\/v2\/comments?post=204"}],"version-history":[{"count":7,"href":"https:\/\/fideshealthinternational.com\/ru\/wp-json\/wp\/v2\/pages\/204\/revisions"}],"predecessor-version":[{"id":288,"href":"https:\/\/fideshealthinternational.com\/ru\/wp-json\/wp\/v2\/pages\/204\/revisions\/288"}],"wp:attachment":[{"href":"https:\/\/fideshealthinternational.com\/ru\/wp-json\/wp\/v2\/media?parent=204"}],"curies":[{"name":"wp","href":"https:\/\/api.w.org\/{rel}","templated":true}]}}