{"id":131,"date":"2025-02-10T10:04:04","date_gmt":"2025-02-10T10:04:04","guid":{"rendered":"https:\/\/fideshealthinternational.com\/?page_id=131"},"modified":"2025-02-10T10:10:15","modified_gmt":"2025-02-10T10:10:15","slug":"memnuniyet-saglama","status":"publish","type":"page","link":"https:\/\/fideshealthinternational.com\/ru\/memnuniyet-saglama\/","title":{"rendered":"\u0423\u0434\u043e\u0432\u043b\u0435\u0442\u0432\u043e\u0440\u0438\u043c \u0432\u0441\u0435 \u0432\u0430\u0448\u0438 \u043f\u043e\u0436\u0435\u043b\u0430\u043d\u0438\u044f"},"content":{"rendered":"<div data-elementor-type=\"wp-page\" data-elementor-id=\"131\" class=\"elementor elementor-131\">\n\t\t\t\t<div class=\"elementor-element elementor-element-b72436e e-flex e-con-boxed e-con e-parent\" data-id=\"b72436e\" data-element_type=\"container\" data-e-type=\"container\">\n\t\t\t\t\t<div class=\"e-con-inner\">\n\t\t\t\t<div class=\"elementor-element elementor-element-bfd58b5 elementor-widget elementor-widget-heading\" data-id=\"bfd58b5\" data-element_type=\"widget\" data-e-type=\"widget\" data-widget_type=\"heading.default\">\n\t\t\t\t<div class=\"elementor-widget-container\">\n\t\t\t\t\t<h2 class=\"elementor-heading-title elementor-size-default\">\u0423\u0434\u043e\u0432\u043b\u0435\u0442\u0432\u043e\u0440\u0438\u043c \u0432\u0441\u0435 \u0432\u0430\u0448\u0438 \u043f\u043e\u0436\u0435\u043b\u0430\u043d\u0438\u044f<\/h2>\t\t\t\t<\/div>\n\t\t\t\t<\/div>\n\t\t\t\t\t<\/div>\n\t\t\t\t<\/div>\n\t\t<div class=\"elementor-element elementor-element-5510756 e-flex e-con-boxed e-con e-parent\" data-id=\"5510756\" data-element_type=\"container\" data-e-type=\"container\">\n\t\t\t\t\t<div class=\"e-con-inner\">\n\t\t\t\t<div class=\"elementor-element elementor-element-fd2b7ff elementor-widget elementor-widget-text-editor\" data-id=\"fd2b7ff\" data-element_type=\"widget\" data-e-type=\"widget\" data-widget_type=\"text-editor.default\">\n\t\t\t\t<div class=\"elementor-widget-container\">\n\t\t\t\t\t\t\t\t\t<p>Fides Health International \u043c\u044b \u0441\u0442\u0430\u0432\u0438\u043c \u043b\u044e\u0434\u0435\u0439, \u043a\u043e\u0442\u043e\u0440\u044b\u0435 \u043d\u0443\u0436\u0434\u0430\u044e\u0442\u0441\u044f \u0432 \u043d\u0430\u0441, \u0432 \u0446\u0435\u043d\u0442\u0440 \u043d\u0430\u0448\u0435\u0439 \u0440\u0430\u0431\u043e\u0442\u044b. \u041f\u043e \u044d\u0442\u043e\u0439 \u043f\u0440\u0438\u0447\u0438\u043d\u0435 \u043c\u044b \u0444\u043e\u0440\u043c\u0438\u0440\u0443\u0435\u043c \u043d\u0430\u0448\u0435 \u043f\u0440\u0438\u0432\u0438\u043b\u0435\u0433\u0438\u0440\u043e\u0432\u0430\u043d\u043d\u043e\u0435 \u043e\u0431\u0441\u043b\u0443\u0436\u0438\u0432\u0430\u043d\u0438\u0435 \u0432 \u0441\u043e\u043e\u0442\u0432\u0435\u0442\u0441\u0442\u0432\u0438\u0438 \u0441 \u043e\u0436\u0438\u0434\u0430\u043d\u0438\u044f\u043c\u0438 \u0438 \u0442\u0440\u0435\u0431\u043e\u0432\u0430\u043d\u0438\u044f\u043c\u0438 \u0437\u0430\u044f\u0432\u0438\u0442\u0435\u043b\u0435\u0439, \u0447\u0442\u043e\u0431\u044b \u043f\u043e\u043b\u0443\u0447\u0438\u0442\u044c \u0437\u0434\u043e\u0440\u043e\u0432\u044c\u0435.<\/p><p>\u041a\u0430\u043a \u043e\u0442\u0434\u0435\u043b \u043f\u043e \u043f\u0440\u0430\u0432\u0430\u043c \u043f\u0430\u0446\u0438\u0435\u043d\u0442\u043e\u0432; \u0414\u043b\u044f \u0442\u043e\u0433\u043e, \u0447\u0442\u043e\u0431\u044b \u043f\u043e\u043b\u0443\u0447\u0438\u0442\u044c \u0436\u0435\u043b\u0430\u0435\u043c\u043e\u0435 \u043e\u0431\u0441\u043b\u0443\u0436\u0438\u0432\u0430\u043d\u0438\u0435 \u0438 \u0443\u0434\u043e\u0432\u043b\u0435\u0442\u0432\u043e\u0440\u0435\u043d\u0438\u0435 \u043e\u0442 \u043d\u0430\u0448\u0438\u0445 \u0431\u043e\u043b\u044c\u043d\u0438\u0446;<\/p><p>- \u041c\u044b \u043f\u043e\u043b\u0443\u0447\u0430\u0435\u043c \u043c\u043d\u0435\u043d\u0438\u044f \u0438 \u043e\u0442\u0437\u044b\u0432\u044b \u0432\u0441\u0435\u0445 \u043f\u0430\u0446\u0438\u0435\u043d\u0442\u043e\u0432 \u0438 \u0440\u043e\u0434\u0441\u0442\u0432\u0435\u043d\u043d\u0438\u043a\u043e\u0432 \u043f\u0430\u0446\u0438\u0435\u043d\u0442\u043e\u0432, \u043f\u043e\u043b\u0443\u0447\u0430\u044e\u0449\u0438\u0445 \u0443\u0441\u043b\u0443\u0433\u0438 \u0438\u0437 \u043d\u0430\u0448\u0435\u0439 \u0431\u043e\u043b\u044c\u043d\u0438\u0446\u044b.<br \/>- \u041c\u044b \u043e\u0446\u0435\u043d\u0438\u0432\u0430\u0435\u043c \u0432\u0441\u0435 \u043c\u043d\u0435\u043d\u0438\u044f, \u043f\u0440\u0435\u0434\u0441\u0442\u0430\u0432\u043b\u0435\u043d\u043d\u044b\u0435 \u0440\u0443\u043a\u043e\u0432\u043e\u0434\u0438\u0442\u0435\u043b\u044f\u043c \u0441\u043e\u043e\u0442\u0432\u0435\u0442\u0441\u0442\u0432\u0443\u044e\u0449\u0438\u0445 \u043e\u0442\u0434\u0435\u043b\u043e\u0432, \u043c\u044b \u0440\u0430\u0431\u043e\u0442\u0430\u0435\u043c \u043d\u0430\u0434 \u043f\u043e\u0432\u044b\u0448\u0435\u043d\u0438\u0435\u043c \u043a\u0430\u0447\u0435\u0441\u0442\u0432\u0430 \u043d\u0430\u0448\u0438\u0445 \u0443\u0441\u043b\u0443\u0433 \u0432 \u0441\u043e\u043e\u0442\u0432\u0435\u0442\u0441\u0442\u0432\u0438\u0438 \u0441 \u0432\u0430\u0448\u0438\u043c\u0438 \u0442\u0440\u0435\u0431\u043e\u0432\u0430\u043d\u0438\u044f\u043c\u0438 \u0438 \u0432\u044b\u043f\u043e\u043b\u043d\u044f\u0435\u043c \u043f\u0440\u043e\u0446\u0435\u0441\u0441\u044b \u0434\u043b\u044f \u0440\u0435\u0448\u0435\u043d\u0438\u044f \u0432\u0430\u0448\u0438\u0445 \u043f\u0440\u043e\u0431\u043b\u0435\u043c.<br \/>- \u041c\u044b \u0432\u043e\u0437\u0432\u0440\u0430\u0449\u0430\u0435\u043c\u0441\u044f \u043a \u043d\u0430\u0448\u0435\u043c\u0443 \u043f\u0430\u0446\u0438\u0435\u043d\u0442\u0443 \u043e \u0440\u0435\u0448\u0435\u043d\u0438\u044f\u0445 \u0438 \u0440\u0435\u0437\u0443\u043b\u044c\u0442\u0430\u0442\u0430\u0445 \u043f\u043e\u0441\u043b\u0435 \u043e\u0446\u0435\u043d\u043a\u0438.<\/p><p>\u041e\u0442\u0434\u0435\u043b \u043f\u043e \u043f\u0440\u0430\u0432\u0430\u043c \u043f\u0430\u0446\u0438\u0435\u043d\u0442\u043e\u0432 \u0432\u043d\u043e\u0441\u0438\u0442 \u0441\u0432\u043e\u0439 \u0432\u043a\u043b\u0430\u0434 \u0432 \u0440\u0430\u0437\u0432\u0438\u0442\u0438\u0435 \u043d\u0430\u0448\u0435\u0439 \u0431\u043e\u043b\u044c\u043d\u0438\u0446\u044b, \u043e\u0446\u0435\u043d\u0438\u0432\u0430\u044f \u0432\u0430\u0448\u0438 \u043f\u0440\u0435\u0434\u043b\u043e\u0436\u0435\u043d\u0438\u044f \u0438 \u043c\u043d\u0435\u043d\u0438\u044f, \u0430 \u0442\u0430\u043a\u0436\u0435 \u0441\u043f\u043e\u0441\u043e\u0431\u0441\u0442\u0432\u0443\u0435\u0442 \u0432\u0430\u0448\u0435\u043c\u0443 \u0443\u0434\u043e\u0432\u043b\u0435\u0442\u0432\u043e\u0440\u0435\u043d\u0438\u044e. \u041d\u0435 \u0442\u043e\u043b\u044c\u043a\u043e \u043d\u0430\u0448\u0435 \u043f\u043e\u0434\u0440\u0430\u0437\u0434\u0435\u043b\u0435\u043d\u0438\u0435 \u043f\u043e \u043f\u0440\u0430\u0432\u0430\u043c \u043f\u0430\u0446\u0438\u0435\u043d\u0442\u043e\u0432, \u043d\u043e \u0438 \u0432\u0441\u0435 \u0441\u043e\u043e\u0442\u0432\u0435\u0442\u0441\u0442\u0432\u0443\u044e\u0449\u0438\u0435 \u0441\u0442\u0430\u0440\u0448\u0438\u0435 \u043c\u0435\u043d\u0435\u0434\u0436\u0435\u0440\u044b \u0431\u0443\u0434\u0443\u0442 \u0440\u0430\u0441\u0441\u043c\u0430\u0442\u0440\u0438\u0432\u0430\u0442\u044c \u0432\u0430\u0448\u0438 \u0436\u0430\u043b\u043e\u0431\u044b \u0438 \u043d\u0435\u0433\u0430\u0442\u0438\u0432\u043d\u044b\u0435 \u043c\u043d\u0435\u043d\u0438\u044f \u0434\u043b\u044f \u043f\u0440\u0438\u043d\u044f\u0442\u0438\u044f \u0440\u0435\u0448\u0435\u043d\u0438\u044f.<\/p><p><strong>\u041c\u042b \u0426\u0415\u041d\u0418\u041c \u0412\u0410\u0428\u0418 \u041c\u041d\u0415\u041d\u0418\u042f<\/strong><\/p><p>\u0427\u0442\u043e\u0431\u044b \u0434\u043e\u0441\u0442\u0438\u0447\u044c \u043b\u0443\u0447\u0448\u0435\u0433\u043e, \u043c\u044b \u0431\u0443\u0434\u0435\u043c \u0440\u0430\u0434\u044b \u0432\u044b\u0441\u043b\u0443\u0448\u0430\u0442\u044c \u0432\u0430\u0448\u0438 \u043c\u043d\u0435\u043d\u0438\u044f, \u043f\u0440\u0435\u0434\u043b\u043e\u0436\u0435\u043d\u0438\u044f \u0438 \u043f\u043e\u0436\u0435\u043b\u0430\u043d\u0438\u044f.<\/p>\t\t\t\t\t\t\t\t<\/div>\n\t\t\t\t<\/div>\n\t\t\t\t\t<\/div>\n\t\t\t\t<\/div>\n\t\t\t\t<\/div>","protected":false},"excerpt":{"rendered":"<p>Memnuniyet Sa\u011flama Fides Health \u0130nternational olarak yapt\u0131\u011f\u0131m\u0131z i\u015fin merkezine iyile\u015fmek i\u00e7in bize ihtiya\u00e7 duyan insanlar\u0131 koyar\u0131z. Bu nedenle sundu\u011fumuz ayr\u0131cal\u0131kl\u0131 hizmeti sa\u011fl\u0131\u011f\u0131na kavu\u015fmak i\u00e7in bizlere ba\u015fvuranlar\u0131n beklenti ve taleplerine g\u00f6re \u015fekillendiririz. Hasta Haklar\u0131 Birimi olarak; hastanelerimizden arzu etti\u011finiz hizmeti alman\u0131z ve memnuniyetinizi sa\u011flamak i\u00e7in; \u2013 Hastanemizden hizmet alan t\u00fcm hasta ve hasta yak\u0131nlar\u0131m\u0131z\u0131n hastanemiz ile&#8230;<\/p>","protected":false},"author":1,"featured_media":0,"parent":0,"menu_order":0,"comment_status":"closed","ping_status":"closed","template":"","meta":{"_kad_post_transparent":"default","_kad_post_title":"hide","_kad_post_layout":"fullwidth","_kad_post_sidebar_id":"","_kad_post_content_style":"unboxed","_kad_post_vertical_padding":"hide","_kad_post_feature":"hide","_kad_post_feature_position":"","_kad_post_header":false,"_kad_post_footer":false,"_kad_post_classname":"","footnotes":""},"class_list":["post-131","page","type-page","status-publish","hentry"],"_links":{"self":[{"href":"https:\/\/fideshealthinternational.com\/ru\/wp-json\/wp\/v2\/pages\/131","targetHints":{"allow":["GET"]}}],"collection":[{"href":"https:\/\/fideshealthinternational.com\/ru\/wp-json\/wp\/v2\/pages"}],"about":[{"href":"https:\/\/fideshealthinternational.com\/ru\/wp-json\/wp\/v2\/types\/page"}],"author":[{"embeddable":true,"href":"https:\/\/fideshealthinternational.com\/ru\/wp-json\/wp\/v2\/users\/1"}],"replies":[{"embeddable":true,"href":"https:\/\/fideshealthinternational.com\/ru\/wp-json\/wp\/v2\/comments?post=131"}],"version-history":[{"count":4,"href":"https:\/\/fideshealthinternational.com\/ru\/wp-json\/wp\/v2\/pages\/131\/revisions"}],"predecessor-version":[{"id":135,"href":"https:\/\/fideshealthinternational.com\/ru\/wp-json\/wp\/v2\/pages\/131\/revisions\/135"}],"wp:attachment":[{"href":"https:\/\/fideshealthinternational.com\/ru\/wp-json\/wp\/v2\/media?parent=131"}],"curies":[{"name":"wp","href":"https:\/\/api.w.org\/{rel}","templated":true}]}}