{"id":114,"date":"2025-02-10T09:00:30","date_gmt":"2025-02-10T09:00:30","guid":{"rendered":"https:\/\/fideshealthinternational.com\/?page_id=114"},"modified":"2025-02-10T09:04:11","modified_gmt":"2025-02-10T09:04:11","slug":"guvenlik-bilgisi-ve-politikasi","status":"publish","type":"page","link":"https:\/\/fideshealthinternational.com\/ru\/guvenlik-bilgisi-ve-politikasi\/","title":{"rendered":"\u0418\u043d\u0444\u043e\u0440\u043c\u0430\u0446\u0438\u044f \u0438 \u043f\u043e\u043b\u0438\u0442\u0438\u043a\u0430 \u0431\u0435\u0437\u043e\u043f\u0430\u0441\u043d\u043e\u0441\u0442\u0438"},"content":{"rendered":"<div data-elementor-type=\"wp-page\" data-elementor-id=\"114\" class=\"elementor elementor-114\">\n\t\t\t\t<div class=\"elementor-element elementor-element-b72436e e-flex e-con-boxed e-con e-parent\" data-id=\"b72436e\" data-element_type=\"container\" data-e-type=\"container\">\n\t\t\t\t\t<div class=\"e-con-inner\">\n\t\t\t\t<div class=\"elementor-element elementor-element-bfd58b5 elementor-widget elementor-widget-heading\" data-id=\"bfd58b5\" data-element_type=\"widget\" data-e-type=\"widget\" data-widget_type=\"heading.default\">\n\t\t\t\t<div class=\"elementor-widget-container\">\n\t\t\t\t\t<h2 class=\"elementor-heading-title elementor-size-default\">\u0418\u043d\u0444\u043e\u0440\u043c\u0430\u0446\u0438\u044f \u0438 \u043f\u043e\u043b\u0438\u0442\u0438\u043a\u0430 \u0431\u0435\u0437\u043e\u043f\u0430\u0441\u043d\u043e\u0441\u0442\u0438<\/h2>\t\t\t\t<\/div>\n\t\t\t\t<\/div>\n\t\t\t\t\t<\/div>\n\t\t\t\t<\/div>\n\t\t<div class=\"elementor-element elementor-element-5510756 e-flex e-con-boxed e-con e-parent\" data-id=\"5510756\" data-element_type=\"container\" data-e-type=\"container\">\n\t\t\t\t\t<div class=\"e-con-inner\">\n\t\t\t\t<div class=\"elementor-element elementor-element-fd2b7ff elementor-widget elementor-widget-text-editor\" data-id=\"fd2b7ff\" data-element_type=\"widget\" data-e-type=\"widget\" data-widget_type=\"text-editor.default\">\n\t\t\t\t<div class=\"elementor-widget-container\">\n\t\t\t\t\t\t\t\t\t<p>\u0412\u0430\u0448\u0430 \u0431\u0435\u0437\u043e\u043f\u0430\u0441\u043d\u043e\u0441\u0442\u044c \u0438\u043c\u0435\u0435\u0442 \u0434\u043b\u044f \u043d\u0430\u0441 \u043f\u0435\u0440\u0432\u043e\u0441\u0442\u0435\u043f\u0435\u043d\u043d\u043e\u0435 \u0437\u043d\u0430\u0447\u0435\u043d\u0438\u0435. \u0421\u043e\u0442\u0440\u0443\u0434\u043d\u0438\u043a\u0438 \u0441\u043b\u0443\u0436\u0431\u044b \u0431\u0435\u0437\u043e\u043f\u0430\u0441\u043d\u043e\u0441\u0442\u0438, \u043a\u043e\u0442\u043e\u0440\u044b\u0435 \u0434\u0435\u0436\u0443\u0440\u044f\u0442 24 \u0447\u0430\u0441\u0430 \u0432 \u0437\u0434\u0430\u043d\u0438\u0438;\u00a0<br \/>\u041a\u043e\u043d\u0442\u0440\u043e\u043b\u044c \u043f\u0430\u043a\u0435\u0442\u043e\u0432, \u043f\u0440\u0438\u043d\u0435\u0441\u0435\u043d\u043d\u044b\u0445 \u0432 \u0431\u043e\u043b\u044c\u043d\u0438\u0446\u0443<br \/>\u041f\u0440\u043e\u0432\u0435\u0440\u043a\u0430 \u043b\u0438\u0447\u043d\u043e\u0441\u0442\u0438 \u043f\u0440\u0438 \u043d\u0435\u043e\u0431\u0445\u043e\u0434\u0438\u043c\u043e\u0441\u0442\u0438 \u0432 \u0431\u043e\u043b\u044c\u043d\u0438\u0446\u0435<br \/>\u0446\u0435\u043b\u044f\u0445 \u0432\u0430\u0448\u0435\u0439 \u0431\u0435\u0437\u043e\u043f\u0430\u0441\u043d\u043e\u0441\u0442\u0438 \u043f\u0440\u043e\u0432\u043e\u0434\u0438\u0442\u044c\u0441\u044f \u043e\u0441\u043c\u043e\u0442\u0440 \u0434\u043d\u0430 \u0430\u0432\u0442\u043e\u043c\u043e\u0431\u0438\u043b\u044f \u0437\u0435\u0440\u043a\u0430\u043b\u043e\u043c, \u0438 \u0431\u0430\u0433\u0430\u0436\u0430 \u043d\u0430 \u043f\u0430\u0440\u043a\u043e\u0432\u043a\u0435.\u00a0<\/p><p>\u0412\u043e\u043f\u0440\u0435\u043a\u0438 \u0432\u0441\u0435\u043c\u0443; \u041c\u044b \u043f\u0440\u043e\u0441\u0438\u043c \u0432\u0430\u0441 \u043d\u0435 \u043e\u0441\u0442\u0430\u0432\u043b\u044f\u0442\u044c \u0441\u0432\u043e\u0438 \u043b\u0438\u0447\u043d\u044b\u0435 \u0432\u0435\u0449\u0438, \u0446\u0435\u043d\u043d\u044b\u0435 \u0434\u043e\u043a\u0443\u043c\u0435\u043d\u0442\u044b \u0431\u0435\u0437 \u043f\u0440\u0438\u0441\u043c\u043e\u0442\u0440\u0430 \u0438 \u043d\u0430\u043f\u043e\u043c\u0438\u043d\u0430\u0435\u043c \u0432\u0430\u043c, \u0447\u0442\u043e \u0437\u0430 \u043b\u0438\u0447\u043d\u044b\u0435 \u0432\u0435\u0449\u0438 \u0432\u044b \u043d\u0435\u0441\u0435\u0442\u0435 \u043e\u0442\u0432\u0435\u0442\u0441\u0442\u0432\u0435\u043d\u043d\u043e\u0441\u0442\u044c.<\/p>\t\t\t\t\t\t\t\t<\/div>\n\t\t\t\t<\/div>\n\t\t\t\t\t<\/div>\n\t\t\t\t<\/div>\n\t\t\t\t<\/div>","protected":false},"excerpt":{"rendered":"<p>G\u00fcvenlik Bilgisi ve Politikas\u0131 Sizlerin g\u00fcvenli\u011fi bizim i\u00e7in birinci derecede \u00f6nemlidir. Bina i\u00e7inde 24 saat g\u00f6rev ba\u015f\u0131nda olan g\u00fcvenlik g\u00f6revlilerine;\u00a0Hastane i\u00e7ine sokulan paketlerin kontrol\u00fcnde;Hastane i\u00e7inde gerekti\u011fi zaman kimlik kontrol\u00fc yap\u0131lmas\u0131ndaOtoparkta ara\u00e7 alt\u0131 ve bagaj aramas\u0131 yap\u0131lmas\u0131nda yard\u0131mc\u0131 olunmas\u0131n\u0131, g\u00fcvenli\u011finiz i\u00e7in rica ederiz.\u00a0 Her \u015feye ra\u011fmen; ki\u015fisel e\u015fyalar\u0131n\u0131z, de\u011ferli evrak ve belgelerinizi sahipsiz b\u0131rakmaman\u0131z\u0131 rica eder,&#8230;<\/p>","protected":false},"author":1,"featured_media":0,"parent":0,"menu_order":0,"comment_status":"closed","ping_status":"closed","template":"","meta":{"_kad_post_transparent":"default","_kad_post_title":"hide","_kad_post_layout":"fullwidth","_kad_post_sidebar_id":"","_kad_post_content_style":"unboxed","_kad_post_vertical_padding":"hide","_kad_post_feature":"hide","_kad_post_feature_position":"","_kad_post_header":false,"_kad_post_footer":false,"_kad_post_classname":"","footnotes":""},"class_list":["post-114","page","type-page","status-publish","hentry"],"_links":{"self":[{"href":"https:\/\/fideshealthinternational.com\/ru\/wp-json\/wp\/v2\/pages\/114","targetHints":{"allow":["GET"]}}],"collection":[{"href":"https:\/\/fideshealthinternational.com\/ru\/wp-json\/wp\/v2\/pages"}],"about":[{"href":"https:\/\/fideshealthinternational.com\/ru\/wp-json\/wp\/v2\/types\/page"}],"author":[{"embeddable":true,"href":"https:\/\/fideshealthinternational.com\/ru\/wp-json\/wp\/v2\/users\/1"}],"replies":[{"embeddable":true,"href":"https:\/\/fideshealthinternational.com\/ru\/wp-json\/wp\/v2\/comments?post=114"}],"version-history":[{"count":7,"href":"https:\/\/fideshealthinternational.com\/ru\/wp-json\/wp\/v2\/pages\/114\/revisions"}],"predecessor-version":[{"id":121,"href":"https:\/\/fideshealthinternational.com\/ru\/wp-json\/wp\/v2\/pages\/114\/revisions\/121"}],"wp:attachment":[{"href":"https:\/\/fideshealthinternational.com\/ru\/wp-json\/wp\/v2\/media?parent=114"}],"curies":[{"name":"wp","href":"https:\/\/api.w.org\/{rel}","templated":true}]}}