{"id":152,"date":"2025-02-10T13:15:12","date_gmt":"2025-02-10T13:15:12","guid":{"rendered":"https:\/\/fideshealthinternational.com\/?page_id=152"},"modified":"2025-02-10T17:30:57","modified_gmt":"2025-02-10T17:30:57","slug":"tibbi-bolumler","status":"publish","type":"page","link":"https:\/\/fideshealthinternational.com\/en\/tibbi-bolumler\/","title":{"rendered":"Branches of Medicine"},"content":{"rendered":"<div data-elementor-type=\"wp-page\" data-elementor-id=\"152\" class=\"elementor elementor-152\">\n\t\t\t\t<div class=\"elementor-element elementor-element-b72436e e-flex e-con-boxed e-con e-parent\" data-id=\"b72436e\" data-element_type=\"container\" data-e-type=\"container\">\n\t\t\t\t\t<div class=\"e-con-inner\">\n\t\t\t\t<div class=\"elementor-element elementor-element-bfd58b5 elementor-widget elementor-widget-heading\" data-id=\"bfd58b5\" data-element_type=\"widget\" data-e-type=\"widget\" data-widget_type=\"heading.default\">\n\t\t\t\t<div class=\"elementor-widget-container\">\n\t\t\t\t\t<h2 class=\"elementor-heading-title elementor-size-default\">Branches of Medicine<\/h2>\t\t\t\t<\/div>\n\t\t\t\t<\/div>\n\t\t\t\t\t<\/div>\n\t\t\t\t<\/div>\n\t\t<div class=\"elementor-element elementor-element-650bec8 e-flex e-con-boxed e-con e-parent\" data-id=\"650bec8\" data-element_type=\"container\" data-e-type=\"container\" data-settings=\"{&quot;background_background&quot;:&quot;classic&quot;}\">\n\t\t\t\t\t<div class=\"e-con-inner\">\n\t\t<div class=\"elementor-element elementor-element-1bd8bae e-con-full e-flex e-con e-child\" data-id=\"1bd8bae\" data-element_type=\"container\" data-e-type=\"container\">\n\t\t<div class=\"elementor-element elementor-element-0fce925 e-con-full e-flex e-con e-child\" data-id=\"0fce925\" data-element_type=\"container\" data-e-type=\"container\" data-settings=\"{&quot;background_background&quot;:&quot;classic&quot;}\">\n\t\t\t\t<div class=\"elementor-element elementor-element-ab824ac elementor-position-top elementor-widget elementor-widget-image-box\" data-id=\"ab824ac\" data-element_type=\"widget\" data-e-type=\"widget\" data-widget_type=\"image-box.default\">\n\t\t\t\t<div class=\"elementor-widget-container\">\n\t\t\t\t\t<div class=\"elementor-image-box-wrapper\"><figure class=\"elementor-image-box-img\"><img fetchpriority=\"high\" decoding=\"async\" width=\"418\" height=\"417\" src=\"https:\/\/fideshealthinternational.com\/wp-content\/uploads\/2025\/02\/Tibbi-Bolumler-01.png\" class=\"attachment-full size-full wp-image-158\" alt=\"\" srcset=\"https:\/\/fideshealthinternational.com\/wp-content\/uploads\/2025\/02\/Tibbi-Bolumler-01.png 418w, https:\/\/fideshealthinternational.com\/wp-content\/uploads\/2025\/02\/Tibbi-Bolumler-01-300x300.png 300w, https:\/\/fideshealthinternational.com\/wp-content\/uploads\/2025\/02\/Tibbi-Bolumler-01-150x150.png 150w\" sizes=\"(max-width: 418px) 100vw, 418px\" \/><\/figure><div class=\"elementor-image-box-content\"><h3 class=\"elementor-image-box-title\">In Vitro Fertilization<\/h3><\/div><\/div>\t\t\t\t<\/div>\n\t\t\t\t<\/div>\n\t\t\t\t<\/div>\n\t\t<div class=\"elementor-element elementor-element-c6c26ee e-con-full e-flex e-con e-child\" data-id=\"c6c26ee\" data-element_type=\"container\" data-e-type=\"container\" data-settings=\"{&quot;background_background&quot;:&quot;classic&quot;}\">\n\t\t\t\t<div class=\"elementor-element elementor-element-38274d1 elementor-position-top elementor-widget elementor-widget-image-box\" data-id=\"38274d1\" data-element_type=\"widget\" data-e-type=\"widget\" data-widget_type=\"image-box.default\">\n\t\t\t\t<div class=\"elementor-widget-container\">\n\t\t\t\t\t<div class=\"elementor-image-box-wrapper\"><figure class=\"elementor-image-box-img\"><img decoding=\"async\" width=\"418\" height=\"417\" src=\"https:\/\/fideshealthinternational.com\/wp-content\/uploads\/2025\/02\/Tibbi-Bolumler-02.png\" class=\"attachment-full size-full wp-image-159\" alt=\"\" srcset=\"https:\/\/fideshealthinternational.com\/wp-content\/uploads\/2025\/02\/Tibbi-Bolumler-02.png 418w, https:\/\/fideshealthinternational.com\/wp-content\/uploads\/2025\/02\/Tibbi-Bolumler-02-300x300.png 300w, https:\/\/fideshealthinternational.com\/wp-content\/uploads\/2025\/02\/Tibbi-Bolumler-02-150x150.png 150w\" sizes=\"(max-width: 418px) 100vw, 418px\" \/><\/figure><div class=\"elementor-image-box-content\"><h3 class=\"elementor-image-box-title\">Hair Transplantation<\/h3><\/div><\/div>\t\t\t\t<\/div>\n\t\t\t\t<\/div>\n\t\t\t\t<\/div>\n\t\t<div class=\"elementor-element elementor-element-6d0eda5 e-con-full e-flex e-con e-child\" data-id=\"6d0eda5\" data-element_type=\"container\" data-e-type=\"container\" data-settings=\"{&quot;background_background&quot;:&quot;classic&quot;}\">\n\t\t\t\t<div class=\"elementor-element elementor-element-9d30ad1 elementor-position-top elementor-widget elementor-widget-image-box\" data-id=\"9d30ad1\" data-element_type=\"widget\" data-e-type=\"widget\" data-widget_type=\"image-box.default\">\n\t\t\t\t<div class=\"elementor-widget-container\">\n\t\t\t\t\t<div class=\"elementor-image-box-wrapper\"><figure class=\"elementor-image-box-img\"><img decoding=\"async\" width=\"417\" height=\"417\" src=\"https:\/\/fideshealthinternational.com\/wp-content\/uploads\/2025\/02\/Tibbi-Bolumler-03.png\" class=\"attachment-full size-full wp-image-160\" alt=\"\" srcset=\"https:\/\/fideshealthinternational.com\/wp-content\/uploads\/2025\/02\/Tibbi-Bolumler-03.png 417w, https:\/\/fideshealthinternational.com\/wp-content\/uploads\/2025\/02\/Tibbi-Bolumler-03-300x300.png 300w, https:\/\/fideshealthinternational.com\/wp-content\/uploads\/2025\/02\/Tibbi-Bolumler-03-150x150.png 150w\" sizes=\"(max-width: 417px) 100vw, 417px\" \/><\/figure><div class=\"elementor-image-box-content\"><h3 class=\"elementor-image-box-title\">Pediatric<\/h3><\/div><\/div>\t\t\t\t<\/div>\n\t\t\t\t<\/div>\n\t\t\t\t<\/div>\n\t\t<div class=\"elementor-element elementor-element-09c5080 e-con-full e-flex e-con e-child\" data-id=\"09c5080\" data-element_type=\"container\" data-e-type=\"container\" data-settings=\"{&quot;background_background&quot;:&quot;classic&quot;}\">\n\t\t\t\t<div class=\"elementor-element elementor-element-70db469 elementor-position-top elementor-widget elementor-widget-image-box\" data-id=\"70db469\" data-element_type=\"widget\" data-e-type=\"widget\" data-widget_type=\"image-box.default\">\n\t\t\t\t<div class=\"elementor-widget-container\">\n\t\t\t\t\t<div class=\"elementor-image-box-wrapper\"><figure class=\"elementor-image-box-img\"><img loading=\"lazy\" decoding=\"async\" width=\"418\" height=\"417\" src=\"https:\/\/fideshealthinternational.com\/wp-content\/uploads\/2025\/02\/Tibbi-Bolumler-04.png\" class=\"attachment-full size-full wp-image-161\" alt=\"\" srcset=\"https:\/\/fideshealthinternational.com\/wp-content\/uploads\/2025\/02\/Tibbi-Bolumler-04.png 418w, https:\/\/fideshealthinternational.com\/wp-content\/uploads\/2025\/02\/Tibbi-Bolumler-04-300x300.png 300w, https:\/\/fideshealthinternational.com\/wp-content\/uploads\/2025\/02\/Tibbi-Bolumler-04-150x150.png 150w\" sizes=\"(max-width: 418px) 100vw, 418px\" \/><\/figure><div class=\"elementor-image-box-content\"><h3 class=\"elementor-image-box-title\">Orthopedics and Traumatology<\/h3><\/div><\/div>\t\t\t\t<\/div>\n\t\t\t\t<\/div>\n\t\t\t\t<\/div>\n\t\t\t\t<\/div>\n\t\t<div class=\"elementor-element elementor-element-f696e4e e-con-full e-flex e-con e-child\" data-id=\"f696e4e\" data-element_type=\"container\" data-e-type=\"container\">\n\t\t<div class=\"elementor-element elementor-element-70e8610 e-con-full e-flex e-con e-child\" data-id=\"70e8610\" data-element_type=\"container\" data-e-type=\"container\" data-settings=\"{&quot;background_background&quot;:&quot;classic&quot;}\">\n\t\t\t\t<div class=\"elementor-element elementor-element-16e24f2 elementor-position-top elementor-widget elementor-widget-image-box\" data-id=\"16e24f2\" data-element_type=\"widget\" data-e-type=\"widget\" data-widget_type=\"image-box.default\">\n\t\t\t\t<div class=\"elementor-widget-container\">\n\t\t\t\t\t<div class=\"elementor-image-box-wrapper\"><figure class=\"elementor-image-box-img\"><img loading=\"lazy\" decoding=\"async\" width=\"418\" height=\"417\" src=\"https:\/\/fideshealthinternational.com\/wp-content\/uploads\/2025\/02\/Tibbi-Bolumler-05.png\" class=\"attachment-full size-full wp-image-162\" alt=\"\" srcset=\"https:\/\/fideshealthinternational.com\/wp-content\/uploads\/2025\/02\/Tibbi-Bolumler-05.png 418w, https:\/\/fideshealthinternational.com\/wp-content\/uploads\/2025\/02\/Tibbi-Bolumler-05-300x300.png 300w, https:\/\/fideshealthinternational.com\/wp-content\/uploads\/2025\/02\/Tibbi-Bolumler-05-150x150.png 150w\" sizes=\"(max-width: 418px) 100vw, 418px\" \/><\/figure><div class=\"elementor-image-box-content\"><h3 class=\"elementor-image-box-title\">Transplantation<\/h3><\/div><\/div>\t\t\t\t<\/div>\n\t\t\t\t<\/div>\n\t\t\t\t<\/div>\n\t\t<div class=\"elementor-element elementor-element-9499efe e-con-full e-flex e-con e-child\" data-id=\"9499efe\" data-element_type=\"container\" data-e-type=\"container\" data-settings=\"{&quot;background_background&quot;:&quot;classic&quot;}\">\n\t\t\t\t<div class=\"elementor-element elementor-element-9bef503 elementor-position-top elementor-widget elementor-widget-image-box\" data-id=\"9bef503\" data-element_type=\"widget\" data-e-type=\"widget\" data-widget_type=\"image-box.default\">\n\t\t\t\t<div class=\"elementor-widget-container\">\n\t\t\t\t\t<div class=\"elementor-image-box-wrapper\"><figure class=\"elementor-image-box-img\"><img loading=\"lazy\" decoding=\"async\" width=\"418\" height=\"417\" src=\"https:\/\/fideshealthinternational.com\/wp-content\/uploads\/2025\/02\/Tibbi-Bolumler-06.png\" class=\"attachment-full size-full wp-image-163\" alt=\"\" srcset=\"https:\/\/fideshealthinternational.com\/wp-content\/uploads\/2025\/02\/Tibbi-Bolumler-06.png 418w, https:\/\/fideshealthinternational.com\/wp-content\/uploads\/2025\/02\/Tibbi-Bolumler-06-300x300.png 300w, https:\/\/fideshealthinternational.com\/wp-content\/uploads\/2025\/02\/Tibbi-Bolumler-06-150x150.png 150w\" sizes=\"(max-width: 418px) 100vw, 418px\" \/><\/figure><div class=\"elementor-image-box-content\"><h3 class=\"elementor-image-box-title\">Oncology<\/h3><\/div><\/div>\t\t\t\t<\/div>\n\t\t\t\t<\/div>\n\t\t\t\t<\/div>\n\t\t<div class=\"elementor-element elementor-element-cf1b038 e-con-full e-flex e-con e-child\" data-id=\"cf1b038\" data-element_type=\"container\" data-e-type=\"container\" data-settings=\"{&quot;background_background&quot;:&quot;classic&quot;}\">\n\t\t\t\t<div class=\"elementor-element elementor-element-c2b16d2 elementor-position-top elementor-widget elementor-widget-image-box\" data-id=\"c2b16d2\" data-element_type=\"widget\" data-e-type=\"widget\" data-widget_type=\"image-box.default\">\n\t\t\t\t<div class=\"elementor-widget-container\">\n\t\t\t\t\t<div class=\"elementor-image-box-wrapper\"><figure class=\"elementor-image-box-img\"><img loading=\"lazy\" decoding=\"async\" width=\"417\" height=\"417\" src=\"https:\/\/fideshealthinternational.com\/wp-content\/uploads\/2025\/02\/Tibbi-Bolumler-07.png\" class=\"attachment-full size-full wp-image-164\" alt=\"\" srcset=\"https:\/\/fideshealthinternational.com\/wp-content\/uploads\/2025\/02\/Tibbi-Bolumler-07.png 417w, https:\/\/fideshealthinternational.com\/wp-content\/uploads\/2025\/02\/Tibbi-Bolumler-07-300x300.png 300w, https:\/\/fideshealthinternational.com\/wp-content\/uploads\/2025\/02\/Tibbi-Bolumler-07-150x150.png 150w\" sizes=\"(max-width: 417px) 100vw, 417px\" \/><\/figure><div class=\"elementor-image-box-content\"><h3 class=\"elementor-image-box-title\">Bariatric Surgery<\/h3><\/div><\/div>\t\t\t\t<\/div>\n\t\t\t\t<\/div>\n\t\t\t\t<\/div>\n\t\t<div class=\"elementor-element elementor-element-4c5a788 e-con-full e-flex e-con e-child\" data-id=\"4c5a788\" data-element_type=\"container\" data-e-type=\"container\" data-settings=\"{&quot;background_background&quot;:&quot;classic&quot;}\">\n\t\t\t\t<div class=\"elementor-element elementor-element-56d46bb elementor-position-top elementor-widget elementor-widget-image-box\" data-id=\"56d46bb\" data-element_type=\"widget\" data-e-type=\"widget\" data-widget_type=\"image-box.default\">\n\t\t\t\t<div class=\"elementor-widget-container\">\n\t\t\t\t\t<div class=\"elementor-image-box-wrapper\"><figure class=\"elementor-image-box-img\"><img loading=\"lazy\" decoding=\"async\" width=\"418\" height=\"417\" src=\"https:\/\/fideshealthinternational.com\/wp-content\/uploads\/2025\/02\/Tibbi-Bolumler-08.png\" class=\"attachment-full size-full wp-image-165\" alt=\"\" srcset=\"https:\/\/fideshealthinternational.com\/wp-content\/uploads\/2025\/02\/Tibbi-Bolumler-08.png 418w, https:\/\/fideshealthinternational.com\/wp-content\/uploads\/2025\/02\/Tibbi-Bolumler-08-300x300.png 300w, https:\/\/fideshealthinternational.com\/wp-content\/uploads\/2025\/02\/Tibbi-Bolumler-08-150x150.png 150w\" sizes=\"(max-width: 418px) 100vw, 418px\" \/><\/figure><div class=\"elementor-image-box-content\"><h3 class=\"elementor-image-box-title\">Otorhinolaryngology<\/h3><\/div><\/div>\t\t\t\t<\/div>\n\t\t\t\t<\/div>\n\t\t\t\t<\/div>\n\t\t\t\t<\/div>\n\t\t<div class=\"elementor-element elementor-element-ebc19a4 e-con-full e-flex e-con e-child\" data-id=\"ebc19a4\" data-element_type=\"container\" data-e-type=\"container\">\n\t\t<div class=\"elementor-element elementor-element-e3daf56 e-con-full e-flex e-con e-child\" data-id=\"e3daf56\" data-element_type=\"container\" data-e-type=\"container\" data-settings=\"{&quot;background_background&quot;:&quot;classic&quot;}\">\n\t\t\t\t<div class=\"elementor-element elementor-element-7fd4eae elementor-position-top elementor-widget elementor-widget-image-box\" data-id=\"7fd4eae\" data-element_type=\"widget\" data-e-type=\"widget\" data-widget_type=\"image-box.default\">\n\t\t\t\t<div class=\"elementor-widget-container\">\n\t\t\t\t\t<div class=\"elementor-image-box-wrapper\"><figure class=\"elementor-image-box-img\"><img loading=\"lazy\" decoding=\"async\" width=\"418\" height=\"417\" src=\"https:\/\/fideshealthinternational.com\/wp-content\/uploads\/2025\/02\/Tibbi-Bolumler-09.png\" class=\"attachment-full size-full wp-image-166\" alt=\"\" srcset=\"https:\/\/fideshealthinternational.com\/wp-content\/uploads\/2025\/02\/Tibbi-Bolumler-09.png 418w, https:\/\/fideshealthinternational.com\/wp-content\/uploads\/2025\/02\/Tibbi-Bolumler-09-300x300.png 300w, https:\/\/fideshealthinternational.com\/wp-content\/uploads\/2025\/02\/Tibbi-Bolumler-09-150x150.png 150w\" sizes=\"(max-width: 418px) 100vw, 418px\" \/><\/figure><div class=\"elementor-image-box-content\"><h3 class=\"elementor-image-box-title\">Bone Marrow Transplantation<\/h3><\/div><\/div>\t\t\t\t<\/div>\n\t\t\t\t<\/div>\n\t\t\t\t<\/div>\n\t\t<div class=\"elementor-element elementor-element-d3b9de9 e-con-full e-flex e-con e-child\" data-id=\"d3b9de9\" data-element_type=\"container\" data-e-type=\"container\" data-settings=\"{&quot;background_background&quot;:&quot;classic&quot;}\">\n\t\t\t\t<div class=\"elementor-element elementor-element-525ecbf elementor-position-top elementor-widget elementor-widget-image-box\" data-id=\"525ecbf\" data-element_type=\"widget\" data-e-type=\"widget\" data-widget_type=\"image-box.default\">\n\t\t\t\t<div class=\"elementor-widget-container\">\n\t\t\t\t\t<div class=\"elementor-image-box-wrapper\"><figure class=\"elementor-image-box-img\"><img loading=\"lazy\" decoding=\"async\" width=\"418\" height=\"417\" src=\"https:\/\/fideshealthinternational.com\/wp-content\/uploads\/2025\/02\/Tibbi-Bolumler-10.png\" class=\"attachment-full size-full wp-image-167\" alt=\"\" srcset=\"https:\/\/fideshealthinternational.com\/wp-content\/uploads\/2025\/02\/Tibbi-Bolumler-10.png 418w, https:\/\/fideshealthinternational.com\/wp-content\/uploads\/2025\/02\/Tibbi-Bolumler-10-300x300.png 300w, https:\/\/fideshealthinternational.com\/wp-content\/uploads\/2025\/02\/Tibbi-Bolumler-10-150x150.png 150w\" sizes=\"(max-width: 418px) 100vw, 418px\" \/><\/figure><div class=\"elementor-image-box-content\"><h3 class=\"elementor-image-box-title\">Neurosurgery<\/h3><\/div><\/div>\t\t\t\t<\/div>\n\t\t\t\t<\/div>\n\t\t\t\t<\/div>\n\t\t<div class=\"elementor-element elementor-element-3b4e0b7 e-con-full e-flex e-con e-child\" data-id=\"3b4e0b7\" data-element_type=\"container\" data-e-type=\"container\" data-settings=\"{&quot;background_background&quot;:&quot;classic&quot;}\">\n\t\t\t\t<div class=\"elementor-element elementor-element-95d141f elementor-position-top elementor-widget elementor-widget-image-box\" data-id=\"95d141f\" data-element_type=\"widget\" data-e-type=\"widget\" data-widget_type=\"image-box.default\">\n\t\t\t\t<div class=\"elementor-widget-container\">\n\t\t\t\t\t<div class=\"elementor-image-box-wrapper\"><figure class=\"elementor-image-box-img\"><img loading=\"lazy\" decoding=\"async\" width=\"417\" height=\"417\" src=\"https:\/\/fideshealthinternational.com\/wp-content\/uploads\/2025\/02\/Tibbi-Bolumler-11.png\" class=\"attachment-full size-full wp-image-168\" alt=\"\" srcset=\"https:\/\/fideshealthinternational.com\/wp-content\/uploads\/2025\/02\/Tibbi-Bolumler-11.png 417w, https:\/\/fideshealthinternational.com\/wp-content\/uploads\/2025\/02\/Tibbi-Bolumler-11-300x300.png 300w, https:\/\/fideshealthinternational.com\/wp-content\/uploads\/2025\/02\/Tibbi-Bolumler-11-150x150.png 150w\" sizes=\"(max-width: 417px) 100vw, 417px\" \/><\/figure><div class=\"elementor-image-box-content\"><h3 class=\"elementor-image-box-title\">Kidney Transplantation<\/h3><\/div><\/div>\t\t\t\t<\/div>\n\t\t\t\t<\/div>\n\t\t\t\t<\/div>\n\t\t<div class=\"elementor-element elementor-element-04c0675 e-con-full e-flex e-con e-child\" data-id=\"04c0675\" data-element_type=\"container\" data-e-type=\"container\" data-settings=\"{&quot;background_background&quot;:&quot;classic&quot;}\">\n\t\t\t\t<div class=\"elementor-element elementor-element-c31024a elementor-position-top elementor-widget elementor-widget-image-box\" data-id=\"c31024a\" data-element_type=\"widget\" data-e-type=\"widget\" data-widget_type=\"image-box.default\">\n\t\t\t\t<div class=\"elementor-widget-container\">\n\t\t\t\t\t<div class=\"elementor-image-box-wrapper\"><figure class=\"elementor-image-box-img\"><img loading=\"lazy\" decoding=\"async\" width=\"418\" height=\"417\" src=\"https:\/\/fideshealthinternational.com\/wp-content\/uploads\/2025\/02\/Tibbi-Bolumler-12.png\" class=\"attachment-full size-full wp-image-169\" alt=\"\" srcset=\"https:\/\/fideshealthinternational.com\/wp-content\/uploads\/2025\/02\/Tibbi-Bolumler-12.png 418w, https:\/\/fideshealthinternational.com\/wp-content\/uploads\/2025\/02\/Tibbi-Bolumler-12-300x300.png 300w, https:\/\/fideshealthinternational.com\/wp-content\/uploads\/2025\/02\/Tibbi-Bolumler-12-150x150.png 150w\" sizes=\"(max-width: 418px) 100vw, 418px\" \/><\/figure><div class=\"elementor-image-box-content\"><h3 class=\"elementor-image-box-title\">Check-Up<\/h3><\/div><\/div>\t\t\t\t<\/div>\n\t\t\t\t<\/div>\n\t\t\t\t<\/div>\n\t\t\t\t<\/div>\n\t\t<div class=\"elementor-element elementor-element-1a74bcb e-con-full e-flex e-con e-child\" data-id=\"1a74bcb\" data-element_type=\"container\" data-e-type=\"container\">\n\t\t<div class=\"elementor-element elementor-element-7db98f1 e-con-full e-flex e-con e-child\" data-id=\"7db98f1\" data-element_type=\"container\" data-e-type=\"container\" data-settings=\"{&quot;background_background&quot;:&quot;classic&quot;}\">\n\t\t\t\t<div class=\"elementor-element elementor-element-0f910ad elementor-position-top elementor-widget elementor-widget-image-box\" data-id=\"0f910ad\" data-element_type=\"widget\" data-e-type=\"widget\" data-widget_type=\"image-box.default\">\n\t\t\t\t<div class=\"elementor-widget-container\">\n\t\t\t\t\t<div class=\"elementor-image-box-wrapper\"><figure class=\"elementor-image-box-img\"><img loading=\"lazy\" decoding=\"async\" width=\"418\" height=\"417\" src=\"https:\/\/fideshealthinternational.com\/wp-content\/uploads\/2025\/02\/Tibbi-Bolumler-13.png\" class=\"attachment-full size-full wp-image-170\" alt=\"\" srcset=\"https:\/\/fideshealthinternational.com\/wp-content\/uploads\/2025\/02\/Tibbi-Bolumler-13.png 418w, https:\/\/fideshealthinternational.com\/wp-content\/uploads\/2025\/02\/Tibbi-Bolumler-13-300x300.png 300w, https:\/\/fideshealthinternational.com\/wp-content\/uploads\/2025\/02\/Tibbi-Bolumler-13-150x150.png 150w\" sizes=\"(max-width: 418px) 100vw, 418px\" \/><\/figure><div class=\"elementor-image-box-content\"><h3 class=\"elementor-image-box-title\">Aesthetic and Plastic Surgery<\/h3><\/div><\/div>\t\t\t\t<\/div>\n\t\t\t\t<\/div>\n\t\t\t\t<\/div>\n\t\t<div class=\"elementor-element elementor-element-d72bd54 e-con-full e-flex e-con e-child\" data-id=\"d72bd54\" data-element_type=\"container\" data-e-type=\"container\" data-settings=\"{&quot;background_background&quot;:&quot;classic&quot;}\">\n\t\t\t\t<div class=\"elementor-element elementor-element-bc6556c elementor-position-top elementor-widget elementor-widget-image-box\" data-id=\"bc6556c\" data-element_type=\"widget\" data-e-type=\"widget\" data-widget_type=\"image-box.default\">\n\t\t\t\t<div class=\"elementor-widget-container\">\n\t\t\t\t\t<div class=\"elementor-image-box-wrapper\"><figure class=\"elementor-image-box-img\"><img loading=\"lazy\" decoding=\"async\" width=\"418\" height=\"417\" src=\"https:\/\/fideshealthinternational.com\/wp-content\/uploads\/2025\/02\/Tibbi-Bolumler-14.png\" class=\"attachment-full size-full wp-image-171\" alt=\"\" srcset=\"https:\/\/fideshealthinternational.com\/wp-content\/uploads\/2025\/02\/Tibbi-Bolumler-14.png 418w, https:\/\/fideshealthinternational.com\/wp-content\/uploads\/2025\/02\/Tibbi-Bolumler-14-300x300.png 300w, https:\/\/fideshealthinternational.com\/wp-content\/uploads\/2025\/02\/Tibbi-Bolumler-14-150x150.png 150w\" sizes=\"(max-width: 418px) 100vw, 418px\" \/><\/figure><div class=\"elementor-image-box-content\"><h3 class=\"elementor-image-box-title\">General Surgery<\/h3><\/div><\/div>\t\t\t\t<\/div>\n\t\t\t\t<\/div>\n\t\t\t\t<\/div>\n\t\t<div class=\"elementor-element elementor-element-2eff528 e-con-full e-flex e-con e-child\" data-id=\"2eff528\" data-element_type=\"container\" data-e-type=\"container\" data-settings=\"{&quot;background_background&quot;:&quot;classic&quot;}\">\n\t\t\t\t<div class=\"elementor-element elementor-element-6d2127f elementor-position-top elementor-widget elementor-widget-image-box\" data-id=\"6d2127f\" data-element_type=\"widget\" data-e-type=\"widget\" data-widget_type=\"image-box.default\">\n\t\t\t\t<div class=\"elementor-widget-container\">\n\t\t\t\t\t<div class=\"elementor-image-box-wrapper\"><figure class=\"elementor-image-box-img\"><img loading=\"lazy\" decoding=\"async\" width=\"417\" height=\"417\" src=\"https:\/\/fideshealthinternational.com\/wp-content\/uploads\/2025\/02\/Tibbi-Bolumler-15.png\" class=\"attachment-full size-full wp-image-172\" alt=\"\" srcset=\"https:\/\/fideshealthinternational.com\/wp-content\/uploads\/2025\/02\/Tibbi-Bolumler-15.png 417w, https:\/\/fideshealthinternational.com\/wp-content\/uploads\/2025\/02\/Tibbi-Bolumler-15-300x300.png 300w, https:\/\/fideshealthinternational.com\/wp-content\/uploads\/2025\/02\/Tibbi-Bolumler-15-150x150.png 150w\" sizes=\"(max-width: 417px) 100vw, 417px\" \/><\/figure><div class=\"elementor-image-box-content\"><h3 class=\"elementor-image-box-title\">Eye Diseases<\/h3><\/div><\/div>\t\t\t\t<\/div>\n\t\t\t\t<\/div>\n\t\t\t\t<\/div>\n\t\t<div class=\"elementor-element elementor-element-4f259e1 e-con-full e-flex e-con e-child\" data-id=\"4f259e1\" data-element_type=\"container\" data-e-type=\"container\" data-settings=\"{&quot;background_background&quot;:&quot;classic&quot;}\">\n\t\t\t\t<div class=\"elementor-element elementor-element-6ac7c69 elementor-position-top elementor-widget elementor-widget-image-box\" data-id=\"6ac7c69\" data-element_type=\"widget\" data-e-type=\"widget\" data-widget_type=\"image-box.default\">\n\t\t\t\t<div class=\"elementor-widget-container\">\n\t\t\t\t\t<div class=\"elementor-image-box-wrapper\"><figure class=\"elementor-image-box-img\"><img loading=\"lazy\" decoding=\"async\" width=\"418\" height=\"417\" src=\"https:\/\/fideshealthinternational.com\/wp-content\/uploads\/2025\/02\/Tibbi-Bolumler-16.png\" class=\"attachment-full size-full wp-image-173\" alt=\"\" srcset=\"https:\/\/fideshealthinternational.com\/wp-content\/uploads\/2025\/02\/Tibbi-Bolumler-16.png 418w, https:\/\/fideshealthinternational.com\/wp-content\/uploads\/2025\/02\/Tibbi-Bolumler-16-300x300.png 300w, https:\/\/fideshealthinternational.com\/wp-content\/uploads\/2025\/02\/Tibbi-Bolumler-16-150x150.png 150w\" sizes=\"(max-width: 418px) 100vw, 418px\" \/><\/figure><div class=\"elementor-image-box-content\"><h3 class=\"elementor-image-box-title\">Cardiovascular Surgery<\/h3><\/div><\/div>\t\t\t\t<\/div>\n\t\t\t\t<\/div>\n\t\t\t\t<\/div>\n\t\t\t\t<\/div>\n\t\t\t\t\t<\/div>\n\t\t\t\t<\/div>\n\t\t\t\t<\/div>","protected":false},"excerpt":{"rendered":"<p>T\u0131bbi B\u00f6l\u00fcmler T\u00fcp Bebek Tedavisi Sa\u00e7 Ekimi Tedavisi Pediatrik Hastal\u0131klar\u0131 Ortopedi ve Travmatoloji Organ Nakli Onkoloji Tedavisi Obezite Cerrahisi Kulak Burun Bo\u011faz Hastal\u0131klar\u0131 Kemik \u0130li\u011fi Nakli Beyin Cerrahisi B\u00f6brek Nakli Genel Check-Up Estetik ve Plastik Cerrahisi Genel Cerrahi G\u00f6z Hastal\u0131klar\u0131 Kardiyovask\u00fcler Cerrahi<\/p>","protected":false},"author":1,"featured_media":0,"parent":0,"menu_order":0,"comment_status":"closed","ping_status":"closed","template":"","meta":{"_kad_post_transparent":"default","_kad_post_title":"hide","_kad_post_layout":"fullwidth","_kad_post_sidebar_id":"","_kad_post_content_style":"unboxed","_kad_post_vertical_padding":"hide","_kad_post_feature":"hide","_kad_post_feature_position":"","_kad_post_header":false,"_kad_post_footer":false,"_kad_post_classname":"","footnotes":""},"class_list":["post-152","page","type-page","status-publish","hentry"],"_links":{"self":[{"href":"https:\/\/fideshealthinternational.com\/en\/wp-json\/wp\/v2\/pages\/152","targetHints":{"allow":["GET"]}}],"collection":[{"href":"https:\/\/fideshealthinternational.com\/en\/wp-json\/wp\/v2\/pages"}],"about":[{"href":"https:\/\/fideshealthinternational.com\/en\/wp-json\/wp\/v2\/types\/page"}],"author":[{"embeddable":true,"href":"https:\/\/fideshealthinternational.com\/en\/wp-json\/wp\/v2\/users\/1"}],"replies":[{"embeddable":true,"href":"https:\/\/fideshealthinternational.com\/en\/wp-json\/wp\/v2\/comments?post=152"}],"version-history":[{"count":7,"href":"https:\/\/fideshealthinternational.com\/en\/wp-json\/wp\/v2\/pages\/152\/revisions"}],"predecessor-version":[{"id":185,"href":"https:\/\/fideshealthinternational.com\/en\/wp-json\/wp\/v2\/pages\/152\/revisions\/185"}],"wp:attachment":[{"href":"https:\/\/fideshealthinternational.com\/en\/wp-json\/wp\/v2\/media?parent=152"}],"curies":[{"name":"wp","href":"https:\/\/api.w.org\/{rel}","templated":true}]}}