{"id":131,"date":"2025-02-10T10:04:04","date_gmt":"2025-02-10T10:04:04","guid":{"rendered":"https:\/\/fideshealthinternational.com\/?page_id=131"},"modified":"2025-02-10T10:10:15","modified_gmt":"2025-02-10T10:10:15","slug":"memnuniyet-saglama","status":"publish","type":"page","link":"https:\/\/fideshealthinternational.com\/en\/memnuniyet-saglama\/","title":{"rendered":"We will satisfy all your wishes"},"content":{"rendered":"<div data-elementor-type=\"wp-page\" data-elementor-id=\"131\" class=\"elementor elementor-131\">\n\t\t\t\t<div class=\"elementor-element elementor-element-b72436e e-flex e-con-boxed e-con e-parent\" data-id=\"b72436e\" data-element_type=\"container\" data-e-type=\"container\">\n\t\t\t\t\t<div class=\"e-con-inner\">\n\t\t\t\t<div class=\"elementor-element elementor-element-bfd58b5 elementor-widget elementor-widget-heading\" data-id=\"bfd58b5\" data-element_type=\"widget\" data-e-type=\"widget\" data-widget_type=\"heading.default\">\n\t\t\t\t<div class=\"elementor-widget-container\">\n\t\t\t\t\t<h2 class=\"elementor-heading-title elementor-size-default\">We will satisfy all your wishes<\/h2>\t\t\t\t<\/div>\n\t\t\t\t<\/div>\n\t\t\t\t\t<\/div>\n\t\t\t\t<\/div>\n\t\t<div class=\"elementor-element elementor-element-5510756 e-flex e-con-boxed e-con e-parent\" data-id=\"5510756\" data-element_type=\"container\" data-e-type=\"container\">\n\t\t\t\t\t<div class=\"e-con-inner\">\n\t\t\t\t<div class=\"elementor-element elementor-element-fd2b7ff elementor-widget elementor-widget-text-editor\" data-id=\"fd2b7ff\" data-element_type=\"widget\" data-e-type=\"widget\" data-widget_type=\"text-editor.default\">\n\t\t\t\t<div class=\"elementor-widget-container\">\n\t\t\t\t\t\t\t\t\t<p>Fides Health International we put people who need us at the center of our work. For this reason, we tailor our preferred service to meet the expectations and requirements of applicants in order to get healthier.<\/p><p>As a department for patients\u2019 rights; To get the service and satisfaction you want from our hospitals;<\/p><p>- We receive opinions and feedback from all patients and relatives of patients receiving services from our hospital.<br \/>- We value all opinions presented to the heads of the relevant departments, we work to improve the quality of our services in accordance with your requirements and we carry out processes to solve your problems.<br \/>- We return to our patient for decisions and results after evaluation.<\/p><p>The Patient Rights Department contributes to the development of our hospital by evaluating your suggestions and opinions, and contributes to your satisfaction. Not only our Patient Rights Unit, but all relevant senior managers will review your complaints and negative opinions in order to make a decision.<\/p><p><strong>WE APPRECIATE YOUR OPINION<\/strong><\/p><p>To achieve the best, we will be glad to hear your opinions, suggestions and wishes.<\/p>\t\t\t\t\t\t\t\t<\/div>\n\t\t\t\t<\/div>\n\t\t\t\t\t<\/div>\n\t\t\t\t<\/div>\n\t\t\t\t<\/div>","protected":false},"excerpt":{"rendered":"<p>Memnuniyet Sa\u011flama Fides Health \u0130nternational olarak yapt\u0131\u011f\u0131m\u0131z i\u015fin merkezine iyile\u015fmek i\u00e7in bize ihtiya\u00e7 duyan insanlar\u0131 koyar\u0131z. Bu nedenle sundu\u011fumuz ayr\u0131cal\u0131kl\u0131 hizmeti sa\u011fl\u0131\u011f\u0131na kavu\u015fmak i\u00e7in bizlere ba\u015fvuranlar\u0131n beklenti ve taleplerine g\u00f6re \u015fekillendiririz. Hasta Haklar\u0131 Birimi olarak; hastanelerimizden arzu etti\u011finiz hizmeti alman\u0131z ve memnuniyetinizi sa\u011flamak i\u00e7in; \u2013 Hastanemizden hizmet alan t\u00fcm hasta ve hasta yak\u0131nlar\u0131m\u0131z\u0131n hastanemiz ile&#8230;<\/p>","protected":false},"author":1,"featured_media":0,"parent":0,"menu_order":0,"comment_status":"closed","ping_status":"closed","template":"","meta":{"_kad_post_transparent":"default","_kad_post_title":"hide","_kad_post_layout":"fullwidth","_kad_post_sidebar_id":"","_kad_post_content_style":"unboxed","_kad_post_vertical_padding":"hide","_kad_post_feature":"hide","_kad_post_feature_position":"","_kad_post_header":false,"_kad_post_footer":false,"_kad_post_classname":"","footnotes":""},"class_list":["post-131","page","type-page","status-publish","hentry"],"_links":{"self":[{"href":"https:\/\/fideshealthinternational.com\/en\/wp-json\/wp\/v2\/pages\/131","targetHints":{"allow":["GET"]}}],"collection":[{"href":"https:\/\/fideshealthinternational.com\/en\/wp-json\/wp\/v2\/pages"}],"about":[{"href":"https:\/\/fideshealthinternational.com\/en\/wp-json\/wp\/v2\/types\/page"}],"author":[{"embeddable":true,"href":"https:\/\/fideshealthinternational.com\/en\/wp-json\/wp\/v2\/users\/1"}],"replies":[{"embeddable":true,"href":"https:\/\/fideshealthinternational.com\/en\/wp-json\/wp\/v2\/comments?post=131"}],"version-history":[{"count":4,"href":"https:\/\/fideshealthinternational.com\/en\/wp-json\/wp\/v2\/pages\/131\/revisions"}],"predecessor-version":[{"id":135,"href":"https:\/\/fideshealthinternational.com\/en\/wp-json\/wp\/v2\/pages\/131\/revisions\/135"}],"wp:attachment":[{"href":"https:\/\/fideshealthinternational.com\/en\/wp-json\/wp\/v2\/media?parent=131"}],"curies":[{"name":"wp","href":"https:\/\/api.w.org\/{rel}","templated":true}]}}