{"id":114,"date":"2025-02-10T09:00:30","date_gmt":"2025-02-10T09:00:30","guid":{"rendered":"https:\/\/fideshealthinternational.com\/?page_id=114"},"modified":"2025-02-10T09:04:11","modified_gmt":"2025-02-10T09:04:11","slug":"guvenlik-bilgisi-ve-politikasi","status":"publish","type":"page","link":"https:\/\/fideshealthinternational.com\/en\/guvenlik-bilgisi-ve-politikasi\/","title":{"rendered":"Information and security policy"},"content":{"rendered":"<div data-elementor-type=\"wp-page\" data-elementor-id=\"114\" class=\"elementor elementor-114\">\n\t\t\t\t<div class=\"elementor-element elementor-element-b72436e e-flex e-con-boxed e-con e-parent\" data-id=\"b72436e\" data-element_type=\"container\" data-e-type=\"container\">\n\t\t\t\t\t<div class=\"e-con-inner\">\n\t\t\t\t<div class=\"elementor-element elementor-element-bfd58b5 elementor-widget elementor-widget-heading\" data-id=\"bfd58b5\" data-element_type=\"widget\" data-e-type=\"widget\" data-widget_type=\"heading.default\">\n\t\t\t\t<div class=\"elementor-widget-container\">\n\t\t\t\t\t<h2 class=\"elementor-heading-title elementor-size-default\">Information and security policy<\/h2>\t\t\t\t<\/div>\n\t\t\t\t<\/div>\n\t\t\t\t\t<\/div>\n\t\t\t\t<\/div>\n\t\t<div class=\"elementor-element elementor-element-5510756 e-flex e-con-boxed e-con e-parent\" data-id=\"5510756\" data-element_type=\"container\" data-e-type=\"container\">\n\t\t\t\t\t<div class=\"e-con-inner\">\n\t\t\t\t<div class=\"elementor-element elementor-element-fd2b7ff elementor-widget elementor-widget-text-editor\" data-id=\"fd2b7ff\" data-element_type=\"widget\" data-e-type=\"widget\" data-widget_type=\"text-editor.default\">\n\t\t\t\t<div class=\"elementor-widget-container\">\n\t\t\t\t\t\t\t\t\t<p>Your safety is of the utmost importance to us. Security staff who are on duty 24 hours in the building;\u00a0<br \/>Monitoring packages brought to hospital<br \/>Identity verification if necessary at the hospital<br \/>for your safety, a mirror inspection of the bottom of the car and luggage in the parking lot is carried out.\u00a0<\/p><p>In spite of everything; We ask you not to leave your personal belongings, valuable documents unattended and remind you that you are responsible for your personal belongings.<\/p>\t\t\t\t\t\t\t\t<\/div>\n\t\t\t\t<\/div>\n\t\t\t\t\t<\/div>\n\t\t\t\t<\/div>\n\t\t\t\t<\/div>","protected":false},"excerpt":{"rendered":"<p>G\u00fcvenlik Bilgisi ve Politikas\u0131 Sizlerin g\u00fcvenli\u011fi bizim i\u00e7in birinci derecede \u00f6nemlidir. Bina i\u00e7inde 24 saat g\u00f6rev ba\u015f\u0131nda olan g\u00fcvenlik g\u00f6revlilerine;\u00a0Hastane i\u00e7ine sokulan paketlerin kontrol\u00fcnde;Hastane i\u00e7inde gerekti\u011fi zaman kimlik kontrol\u00fc yap\u0131lmas\u0131ndaOtoparkta ara\u00e7 alt\u0131 ve bagaj aramas\u0131 yap\u0131lmas\u0131nda yard\u0131mc\u0131 olunmas\u0131n\u0131, g\u00fcvenli\u011finiz i\u00e7in rica ederiz.\u00a0 Her \u015feye ra\u011fmen; ki\u015fisel e\u015fyalar\u0131n\u0131z, de\u011ferli evrak ve belgelerinizi sahipsiz b\u0131rakmaman\u0131z\u0131 rica eder,&#8230;<\/p>","protected":false},"author":1,"featured_media":0,"parent":0,"menu_order":0,"comment_status":"closed","ping_status":"closed","template":"","meta":{"_kad_post_transparent":"default","_kad_post_title":"hide","_kad_post_layout":"fullwidth","_kad_post_sidebar_id":"","_kad_post_content_style":"unboxed","_kad_post_vertical_padding":"hide","_kad_post_feature":"hide","_kad_post_feature_position":"","_kad_post_header":false,"_kad_post_footer":false,"_kad_post_classname":"","footnotes":""},"class_list":["post-114","page","type-page","status-publish","hentry"],"_links":{"self":[{"href":"https:\/\/fideshealthinternational.com\/en\/wp-json\/wp\/v2\/pages\/114","targetHints":{"allow":["GET"]}}],"collection":[{"href":"https:\/\/fideshealthinternational.com\/en\/wp-json\/wp\/v2\/pages"}],"about":[{"href":"https:\/\/fideshealthinternational.com\/en\/wp-json\/wp\/v2\/types\/page"}],"author":[{"embeddable":true,"href":"https:\/\/fideshealthinternational.com\/en\/wp-json\/wp\/v2\/users\/1"}],"replies":[{"embeddable":true,"href":"https:\/\/fideshealthinternational.com\/en\/wp-json\/wp\/v2\/comments?post=114"}],"version-history":[{"count":7,"href":"https:\/\/fideshealthinternational.com\/en\/wp-json\/wp\/v2\/pages\/114\/revisions"}],"predecessor-version":[{"id":121,"href":"https:\/\/fideshealthinternational.com\/en\/wp-json\/wp\/v2\/pages\/114\/revisions\/121"}],"wp:attachment":[{"href":"https:\/\/fideshealthinternational.com\/en\/wp-json\/wp\/v2\/media?parent=114"}],"curies":[{"name":"wp","href":"https:\/\/api.w.org\/{rel}","templated":true}]}}